{"id":910,"date":"2020-10-28T08:07:40","date_gmt":"2020-10-28T01:07:40","guid":{"rendered":"https:\/\/tfipharma.com\/?post_type=product&#038;p=910"},"modified":"2026-02-06T10:43:06","modified_gmt":"2026-02-06T03:43:06","slug":"lyco-prevent-2","status":"publish","type":"product","link":"https:\/\/tfipharma.com\/vi\/product\/lyco-prevent-2\/","title":{"rendered":"LYCO-PREVENT (h\u1ed9p 3 v\u1ec9 x 10 vi\u00ean)"},"content":{"rendered":"<h3>Th\u00e0nh ph\u1ea7n:<\/h3>\n<ul>\n<li>D\u1ea7u g\u1ea5c h\u1eefu c\u01a1 nguy\u00ean ch\u1ea5t PhytoGac\u2122, bao g\u1ed3m:\n<ul>\n<li>Lycopen 600 mg\/ 100 g<\/li>\n<li>Beta-caroten 200mg \/ 100 g<\/li>\n<\/ul>\n<\/li>\n<li>T\u00e1 d\u01b0\u1ee3c kh\u00e1c: Gelatin, sorbitol 70%, glycerin, titan dioxyd, ethyl vanilin, xanh brilliant, tartrazin, \u0111\u1ecf allura, nipagin, nipasol<\/li>\n<\/ul>\n<p>Ch\u1ec9 ti\u00eau ch\u1ea5t l\u01b0\u1ee3ng ch\u1ee7 y\u1ebfu cho 1 vi\u00ean<\/p>\n<p><em>(Theo m\u1ee9c khuy\u1ebfn c\u00e1o RDI (Recommended Daily Intake) c\u1ee7a U.S Department of Agriculture)<\/em><\/p>\n<ul>\n<li>Lycopen\u00a0 4,5 mg<\/li>\n<li>Beta-caroten 1,5 mg<\/li>\n<\/ul>\n<h3>C\u00e1ch \u0111\u00f3ng g\u00f3i:<\/h3>\n<ul>\n<li>H\u1ed9p 3 v\u1ec9 x 10 vi\u00ean<\/li>\n<\/ul>\n<h3>C\u00f4ng d\u1ee5ng:<\/h3>\n<ul>\n<li>B\u1ed5 sung c\u00e1c ch\u1ea5t ch\u1ed1ng oxy h\u00f3a, h\u1ed7 tr\u1ee3 b\u1ea3o v\u1ec7<\/li>\n<li>N\u00e2ng cao s\u1ee9c \u0111\u1ec1 kh\u00e1ng, t\u0103ng c\u01b0\u1eddng mi\u1ec5n d\u1ecbch,<\/li>\n<li>Gi\u1ea3m cholesterol,<\/li>\n<li>\u0110\u1eb9p da, s\u00e1ng da, ch\u1eadm qu\u00e1 tr\u00ecnh l\u00e3o h\u00f3a,<\/li>\n<li>H\u1ed7 tr\u1ee3 t\u0103ng c\u01b0\u1eddng th\u1ecb l\u1ef1c, gi\u1ea3m m\u1ecfi m\u1eaft<\/li>\n<\/ul>\n<p><em>(Gi\u1ea5y ph\u00e9p qu\u1ea3ng c\u00e1o s\u1ed1: 01171\/2018\/ATTP-XNQC)<\/em><\/p>\n<p>Xem th\u00eam t\u1ea1i <a href=\"https:\/\/lycoprevent.tfipharma.com\/\">website Lyco-Prevent<\/a><\/p>\n","protected":false},"excerpt":{"rendered":"<p><strong>Lyco-Prevent<\/strong> l\u00e0 th\u1ef1c ph\u1ea9m b\u1ea3o v\u1ec7 s\u1ee9c kh\u1ecfe t\u1eeb PhytoGac\u2122, nh\u00e3n hi\u1ec7u \u0111\u01b0\u1ee3c \u0111\u0103ng k\u00fd b\u1ea3o h\u1ed9 \u0111\u1ed9c quy\u1ec1n t\u1ea1i M\u1ef9 v\u00e0 m\u1ed9t s\u1ed1 n\u01b0\u1edbc Ch\u00e2u \u00c1, ch\u1ee9a h\u00e0m l\u01b0\u1ee3ng cao ho\u1ea1t ch\u1ea5t Lycopen v\u00e0 Beta-Caroten \u0111\u01b0\u1ee3c chi\u1ebft xu\u1ea5t tr\u1ecdn v\u1eb9n nh\u1edd c\u00f4ng ngh\u1ec7 hi\u1ec7n \u0111\u1ea1i, \u0111\u00f3ng g\u00f3i chuy\u00ean d\u1ee5ng trong d\u1ea1ng vi\u00ean nang m\u1ec1m.<\/p>\n<p><strong>PhytoGac\u2122<\/strong>, l\u00e0 chi\u1ebft xu\u1ea5t t\u1eeb G\u1ea5c Organic \u0111\u1ea1t ti\u00eau chu\u1ea9n h\u1eefu c\u01a1 c\u1ee7a M\u1ef9 (USDA-NOP) v\u00e0 Ch\u00e2u \u00c2U (EC 834\/2007) &#8211; ti\u00eau chu\u1ea9n cao c\u1ee7a th\u1ebf gi\u1edbi trong n\u00f4ng nghi\u1ec7p v\u1ec1 an to\u00e0n cho ng\u01b0\u1eddi s\u1eed d\u1ee5ng v\u00e0 th\u00e2n thi\u1ec7n v\u1edbi m\u00f4i tr\u01b0\u1eddng.<\/p>\n","protected":false},"featured_media":911,"comment_status":"open","ping_status":"closed","template":"","meta":[],"_links":{"self":[{"href":"https:\/\/tfipharma.com\/vi\/wp-json\/wp\/v2\/product\/910"}],"collection":[{"href":"https:\/\/tfipharma.com\/vi\/wp-json\/wp\/v2\/product"}],"about":[{"href":"https:\/\/tfipharma.com\/vi\/wp-json\/wp\/v2\/types\/product"}],"replies":[{"embeddable":true,"href":"https:\/\/tfipharma.com\/vi\/wp-json\/wp\/v2\/comments?post=910"}],"wp:featuredmedia":[{"embeddable":true,"href":"https:\/\/tfipharma.com\/vi\/wp-json\/wp\/v2\/media\/911"}],"wp:attachment":[{"href":"https:\/\/tfipharma.com\/vi\/wp-json\/wp\/v2\/media?parent=910"}],"curies":[{"name":"wp","href":"https:\/\/api.w.org\/{rel}","templated":true}]}}