{"id":686,"date":"2020-10-15T08:01:50","date_gmt":"2020-10-15T08:01:50","guid":{"rendered":"https:\/\/tfipharma.com\/?page_id=686"},"modified":"2020-11-24T03:30:24","modified_gmt":"2020-11-24T03:30:24","slug":"tam-nhin-su-menh","status":"publish","type":"page","link":"https:\/\/tfipharma.com\/vi\/gioi-thieu\/tam-nhin-su-menh\/","title":{"rendered":"T\u1ea7m nh\u00ecn &#8211; s\u1ee9 m\u1ec7nh"},"content":{"rendered":"<div class=\"slider-wrapper relative\" id=\"slider-1397704600\" >\n    <div class=\"slider slider-nav-circle slider-nav-large slider-nav-light slider-style-normal\"\n        data-flickity-options='{\n            \"cellAlign\": \"center\",\n            \"imagesLoaded\": true,\n            \"lazyLoad\": 1,\n            \"freeScroll\": false,\n            \"wrapAround\": true,\n            \"autoPlay\": 6000,\n            \"pauseAutoPlayOnHover\" : true,\n            \"prevNextButtons\": true,\n            \"contain\" : true,\n            \"adaptiveHeight\" : true,\n            \"dragThreshold\" : 10,\n            \"percentPosition\": true,\n            \"pageDots\": true,\n            \"rightToLeft\": false,\n            \"draggable\": true,\n            \"selectedAttraction\": 0.1,\n            \"parallax\" : 0,\n            \"friction\": 0.6        }'\n        >\n        \n\n  <div class=\"banner has-hover\" id=\"banner-600132544\">\n          <div class=\"banner-inner fill\">\n        <div class=\"banner-bg fill\" >\n            <div class=\"bg fill bg-fill \"><\/div>\n                        <div class=\"overlay\"><\/div>            \n                    <\/div>\n        <div class=\"banner-layers container\">\n            <div class=\"fill banner-link\"><\/div>            \n   <div id=\"text-box-1481706366\" class=\"text-box banner-layer x5 md-x5 lg-x5 y50 md-y50 lg-y50 res-text\">\n                                <div class=\"text dark\">\n              \n              <div class=\"text-inner text-left\">\n                  \n              <\/div>\n           <\/div>\n                            \n<style>\n#text-box-1481706366 {\n  width: 60%;\n}\n#text-box-1481706366 .text {\n  font-size: 100%;\n}\n@media (min-width:550px) {\n  #text-box-1481706366 {\n    width: 56%;\n  }\n}\n<\/style>\n    <\/div>\n \n        <\/div>\n      <\/div>\n\n            \n<style>\n#banner-600132544 {\n  padding-top: 290px;\n}\n#banner-600132544 .bg.bg-loaded {\n  background-image: url(https:\/\/tfipharma.com\/wp-content\/uploads\/2020\/10\/banner-gioi-thieu.jpg);\n}\n#banner-600132544 .overlay {\n  background-color: rgba(190, 190, 190, 0.2);\n}\n#banner-600132544 .bg {\n  background-position: 62% 40%;\n}\n<\/style>\n  <\/div>\n\n\n     <\/div>\n\n     <div class=\"loading-spin dark large centered\"><\/div>\n\n     <\/div>\n\n\n\t<section class=\"section\" id=\"section_1850262461\">\n\t\t<div class=\"bg section-bg fill bg-fill  \" >\n\n\t\t\t\n\t\t\t\n\t\t\t\n\n\t\t<\/div>\n\n\t\t<div class=\"section-content relative\">\n\t\t\t\n<div class=\"row\"  id=\"row-1725150505\">\n\n\t<div id=\"col-1444292423\" class=\"col small-12 large-12\"  >\n\t\t<div class=\"col-inner\"  >\n\t\t\t\n\t\t\t\n<p><strong>C\u00d4NG TY C\u1ed4 PH\u1ea6N TRUST FARMA QU\u1ed0C T\u1ebe (TFI)<\/strong> &#8211; <strong>T\u1eacP \u0110O\u00c0N TH<\/strong>, chuy\u00ean s\u1ea3n xu\u1ea5t v\u00e0 kinh doanh D\u01b0\u1ee3c ph\u1ea9m, Th\u1ef1c ph\u1ea9m Ch\u1ee9c n\u0103ng. Nh\u00e0 m\u00e1y <strong>TFI<\/strong> hi\u1ec7n \u0111ang v\u1eadn h\u00e0nh theo ti\u00eau chu\u1ea9n c\u1ee7a <strong>GMP-WHO<\/strong>, h\u01b0\u1edbng t\u1edbi k\u1ebf ho\u1ea1ch \u0111\u1ea1t ti\u00eau chu\u1ea9n <strong>GMP-EU<\/strong> .<\/p>\n\t\t<\/div>\n\t\t\t<\/div>\n\n\t\n<\/div>\n<div class=\"row\"  id=\"row-573249547\">\n\n\t<div id=\"col-345744375\" class=\"col small-12 large-12\"  >\n\t\t<div class=\"col-inner\"  >\n\t\t\t\n\t\t\t\n<p><span style=\"color: #153E7E;\"><strong>T\u1ea6M NH\u00ccN<\/strong><\/span><\/p>\n<ul>\n<li>D\u1eabn \u0111\u1ea7u trong vi\u1ec7c s\u1ea3n xu\u1ea5t v\u00e0 cung c\u1ea5p thu\u1ed1c kh\u00e1ng sinh \u0111\u1ea1t ch\u1ea5t l\u01b0\u1ee3ng Ch\u00e2u \u00c2u t\u1ea1i Vi\u1ec7t Nam.<\/li>\n<li>Thi\u1ebft l\u1eadp m\u1ed9t nh\u00e0 m\u00e1y v\u1edbi ch\u1ee9ng ch\u1ec9 GMP c\u1ee7a Ch\u00e2u \u00c2u \u2013 t\u1eeb m\u00e1y m\u00f3c thi\u1ebft b\u1ecb cho \u0111\u1ebfn quy tr\u00ecnh.\u00a0\u00a0\u00a0<\/li>\n<li>S\u1ea3n ph\u1ea9m v\u00e0 d\u1ecbch v\u1ee5 ch\u1ea5t l\u01b0\u1ee3ng t\u1ed1t nh\u1ea5t, \u0111\u00e1p \u1ee9ng ti\u00eau chu\u1ea9n \u0111\u1ea1o \u0111\u1ee9c h\u00e0ng \u0111\u1ea7u.<\/li>\n<li>L\u00e0 doanh nghi\u1ec7p h\u00e0ng \u0111\u1ea7u trong ng\u00e0nh s\u1ea3n xu\u1ea5t d\u01b0\u1ee3c ph\u1ea9m, tr\u1edf th\u00e0nh l\u1ef1a ch\u1ecdn h\u1ea5p d\u1eabn cho c\u00e1c nh\u00e0 \u0111\u1ea7u t\u01b0.<\/li>\n<\/ul>\n\t\t<\/div>\n\t\t\t<\/div>\n\n\t\n<\/div>\n<div class=\"row\"  id=\"row-1732010244\">\n\n\t<div id=\"col-1587653678\" class=\"col small-12 large-12\"  >\n\t\t<div class=\"col-inner\"  >\n\t\t\t\n\t\t\t\n<p><span style=\"color: #153E7E;\"><strong>CHI\u1ebeN L\u01af\u1ee2C PH\u00c1T TRI\u1ec2N<\/strong><\/span><\/p>\n<ul>\n<li>X\u00e2y d\u1ef1ng nh\u00e0 m\u00e1y v\u1eadn h\u00e0nh theo ti\u00eau chu\u1ea9n GMP c\u1ee7a Ch\u00e2u \u00c2u<\/li>\n<li>Ki\u1ec7n to\u00e0n n\u0103ng l\u1ef1c kinh doanh\u00a0<\/li>\n<li>Tri\u1ec3n khai c\u00e1c gi\u1ea3i ph\u00e1p t\u1ed1i \u01b0u \u0111\u1ec3 ph\u00e1t tri\u1ec3n ngu\u1ed3n nh\u00e2n l\u1ef1c<\/li>\n<\/ul>\n\t\t<\/div>\n\t\t\t<\/div>\n\n\t\n<\/div>\n<div class=\"row\"  id=\"row-754722330\">\n\n\t<div id=\"col-1873814009\" class=\"col small-12 large-12\"  >\n\t\t<div class=\"col-inner\"  >\n\t\t\t\n\t\t\t\n<p><span style=\"color: #153E7E;\"><strong>C\u00d4NG NGH\u1ec6 TI\u00caN TI\u1ebeN<\/strong><\/span><\/p>\n<p>D\u00e2y chuy\u1ec1n s\u1ea3n xu\u1ea5t hi\u1ec7n \u0111\u1ea1i \u0111\u1ec3 \u0111\u1ea3m b\u1ea3o ti\u1ebft ki\u1ec7m ngu\u1ed3n l\u1ef1c v\u00e0 qu\u1ea3n l\u00fd s\u1ea3n xu\u1ea5t hi\u1ec7u qu\u1ea3. C\u00e1c d\u00f2ng s\u1ea3n ph\u1ea9m c\u1ee7a c\u00f4ng ty \u0111\u01b0\u1ee3c \u0111\u1ecbnh v\u1ecb nh\u1eb1m g\u00f3p ph\u1ea7n thay th\u1ebf c\u00e1c d\u01b0\u1ee3c ph\u1ea9m nh\u1eadp kh\u1ea9u t\u1ea1i th\u1ecb tr\u01b0\u1eddng trong n\u01b0\u1edbc v\u00e0 xu\u1ea5t kh\u1ea9u sang th\u1ecb tr\u01b0\u1eddng Ch\u00e2u \u00c1, Ch\u00e2u \u00c2u v\u00e0 M\u1ef9.<\/p>\n\t\t<\/div>\n\t\t\t<\/div>\n\n\t\n<\/div>\n\t\t<\/div>\n\n\t\t\n<style>\n#section_1850262461 {\n  padding-top: 30px;\n  padding-bottom: 30px;\n  background-color: rgb(248, 250, 253);\n}\n#section_1850262461 .section-bg.bg-loaded {\n  background-image: url(https:\/\/tfipharma.com\/wp-content\/uploads\/2020\/11\/tam-nhin-su-menh-scaled.jpg);\n}\n<\/style>\n\t<\/section>\n\t\n","protected":false},"excerpt":{"rendered":"","protected":false},"author":1,"featured_media":225,"parent":87,"menu_order":0,"comment_status":"closed","ping_status":"closed","template":"page-blank.php","meta":[],"_links":{"self":[{"href":"https:\/\/tfipharma.com\/vi\/wp-json\/wp\/v2\/pages\/686"}],"collection":[{"href":"https:\/\/tfipharma.com\/vi\/wp-json\/wp\/v2\/pages"}],"about":[{"href":"https:\/\/tfipharma.com\/vi\/wp-json\/wp\/v2\/types\/page"}],"author":[{"embeddable":true,"href":"https:\/\/tfipharma.com\/vi\/wp-json\/wp\/v2\/users\/1"}],"replies":[{"embeddable":true,"href":"https:\/\/tfipharma.com\/vi\/wp-json\/wp\/v2\/comments?post=686"}],"version-history":[{"count":14,"href":"https:\/\/tfipharma.com\/vi\/wp-json\/wp\/v2\/pages\/686\/revisions"}],"predecessor-version":[{"id":1615,"href":"https:\/\/tfipharma.com\/vi\/wp-json\/wp\/v2\/pages\/686\/revisions\/1615"}],"up":[{"embeddable":true,"href":"https:\/\/tfipharma.com\/vi\/wp-json\/wp\/v2\/pages\/87"}],"wp:featuredmedia":[{"embeddable":true,"href":"https:\/\/tfipharma.com\/vi\/wp-json\/wp\/v2\/media\/225"}],"wp:attachment":[{"href":"https:\/\/tfipharma.com\/vi\/wp-json\/wp\/v2\/media?parent=686"}],"curies":[{"name":"wp","href":"https:\/\/api.w.org\/{rel}","templated":true}]}}