{"id":680,"date":"2020-10-15T07:57:24","date_gmt":"2020-10-15T07:57:24","guid":{"rendered":"https:\/\/tfipharma.com\/?page_id=680"},"modified":"2020-10-27T07:56:23","modified_gmt":"2020-10-27T07:56:23","slug":"ban-giam-doc","status":"publish","type":"page","link":"https:\/\/tfipharma.com\/vi\/gioi-thieu\/ban-giam-doc\/","title":{"rendered":"Ban l\u00e3nh \u0111\u1ea1o"},"content":{"rendered":"<div class=\"slider-wrapper relative\" id=\"slider-99503237\" >\n    <div class=\"slider slider-nav-circle slider-nav-large slider-nav-light slider-style-normal\"\n        data-flickity-options='{\n            \"cellAlign\": \"center\",\n            \"imagesLoaded\": true,\n            \"lazyLoad\": 1,\n            \"freeScroll\": false,\n            \"wrapAround\": true,\n            \"autoPlay\": 6000,\n            \"pauseAutoPlayOnHover\" : true,\n            \"prevNextButtons\": true,\n            \"contain\" : true,\n            \"adaptiveHeight\" : true,\n            \"dragThreshold\" : 10,\n            \"percentPosition\": true,\n            \"pageDots\": true,\n            \"rightToLeft\": false,\n            \"draggable\": true,\n            \"selectedAttraction\": 0.1,\n            \"parallax\" : 0,\n            \"friction\": 0.6        }'\n        >\n        \n\n\n  <div class=\"banner has-hover\" id=\"banner-38471216\">\n          <div class=\"banner-inner fill\">\n        <div class=\"banner-bg fill\" >\n            <div class=\"bg fill bg-fill \"><\/div>\n                        <div class=\"overlay\"><\/div>            \n                    <\/div>\n        <div class=\"banner-layers container\">\n            <div class=\"fill banner-link\"><\/div>            \n\n   <div id=\"text-box-1786557827\" class=\"text-box banner-layer x5 md-x5 lg-x5 y50 md-y50 lg-y50 res-text\">\n                                <div class=\"text dark\">\n              \n              <div class=\"text-inner text-left\">\n                  \n\n\n              <\/div>\n           <\/div>\n                            \n<style>\n#text-box-1786557827 {\n  width: 60%;\n}\n#text-box-1786557827 .text {\n  font-size: 100%;\n}\n@media (min-width:550px) {\n  #text-box-1786557827 {\n    width: 40%;\n  }\n}\n<\/style>\n    <\/div>\n \n\n        <\/div>\n      <\/div>\n\n            \n<style>\n#banner-38471216 {\n  padding-top: 290px;\n}\n#banner-38471216 .bg.bg-loaded {\n  background-image: url(https:\/\/tfipharma.com\/wp-content\/uploads\/2020\/10\/banner-gioi-thieu.jpg);\n}\n#banner-38471216 .overlay {\n  background-color: rgba(190, 190, 190, 0.2);\n}\n#banner-38471216 .bg {\n  background-position: 62% 40%;\n}\n<\/style>\n  <\/div>\n\n\n\n     <\/div>\n\n     <div class=\"loading-spin dark large centered\"><\/div>\n\n     <\/div>\n\n\n\t<section class=\"section\" id=\"section_2058487160\">\n\t\t<div class=\"bg section-bg fill bg-fill  bg-loaded\" >\n\n\t\t\t\n\t\t\t\n\t\t\t\n\n\t\t<\/div>\n\n\t\t<div class=\"section-content relative\">\n\t\t\t\n\n<div class=\"row\"  id=\"row-816748049\">\n\n\n\t<div id=\"col-1553584116\" class=\"col small-12 large-12\"  >\n\t\t<div class=\"col-inner\"  >\n\t\t\t\n\t\t\t\n\n<p><\/p><h3><strong>Ban l\u00e3nh \u0111\u1ea1o<\/strong><\/h3><p><\/p><p>Ban Gi\u00e1m \u0111\u1ed1c c\u1ee7a ch\u00fang t\u00f4i l\u00e0 nh\u1eefng chuy\u00ean gia trong nhi\u1ec1u l\u0129nh v\u1ef1c kh\u00e1c nhau v\u1ec1 y h\u1ecdc, h\u00f3a h\u1ecdc, chi\u1ebfn l\u01b0\u1ee3c kinh doanh, t\u00e0i ch\u00ednh v\u00e0 kinh t\u1ebf. Nh\u1eefng chuy\u00ean gia n\u00e0y xem x\u00e9t t\u1ea5t c\u1ea3 c\u00e1c quy\u1ebft \u0111\u1ecbnh kinh doanh quan tr\u1ecdng bao g\u1ed3m nh\u1eefng v\u1ea5n \u0111\u1ec1 mang t\u00ednh chi\u1ebfn l\u01b0\u1ee3c v\u00e0 qu\u1ea3n l\u00fd. M\u1ed7i th\u00e0nh vi\u00ean trong Ban gi\u00e1m \u0111\u1ed1c, k\u1ec3 c\u1ea3 c\u00e1c gi\u00e1m \u0111\u1ed1c kh\u00f4ng \u0111i\u1ec1u h\u00e0nh, c\u00f3 th\u1ec3 ti\u1ebfp c\u1eadn \u0111\u1ea7y \u0111\u1ee7 b\u1ea5t k\u1ef3 th\u00f4ng tin n\u00e0o li\u00ean quan \u0111\u1ebfn c\u00f4ng ty ch\u00fang t\u00f4i.<\/p><p><\/p>\n\n\t\t<\/div>\n\t\t\t<\/div>\n\n\t\n\n<\/div>\n\n\t\t<\/div>\n\n\t\t\n<style>\n#section_2058487160 {\n  padding-top: 30px;\n  padding-bottom: 30px;\n  background-color: rgb(248, 250, 253);\n}\n<\/style>\n\t<\/section>\n\t","protected":false},"excerpt":{"rendered":"","protected":false},"author":1,"featured_media":225,"parent":87,"menu_order":0,"comment_status":"closed","ping_status":"closed","template":"page-blank.php","meta":[],"_links":{"self":[{"href":"https:\/\/tfipharma.com\/vi\/wp-json\/wp\/v2\/pages\/680"}],"collection":[{"href":"https:\/\/tfipharma.com\/vi\/wp-json\/wp\/v2\/pages"}],"about":[{"href":"https:\/\/tfipharma.com\/vi\/wp-json\/wp\/v2\/types\/page"}],"author":[{"embeddable":true,"href":"https:\/\/tfipharma.com\/vi\/wp-json\/wp\/v2\/users\/1"}],"replies":[{"embeddable":true,"href":"https:\/\/tfipharma.com\/vi\/wp-json\/wp\/v2\/comments?post=680"}],"version-history":[{"count":5,"href":"https:\/\/tfipharma.com\/vi\/wp-json\/wp\/v2\/pages\/680\/revisions"}],"predecessor-version":[{"id":860,"href":"https:\/\/tfipharma.com\/vi\/wp-json\/wp\/v2\/pages\/680\/revisions\/860"}],"up":[{"embeddable":true,"href":"https:\/\/tfipharma.com\/vi\/wp-json\/wp\/v2\/pages\/87"}],"wp:featuredmedia":[{"embeddable":true,"href":"https:\/\/tfipharma.com\/vi\/wp-json\/wp\/v2\/media\/225"}],"wp:attachment":[{"href":"https:\/\/tfipharma.com\/vi\/wp-json\/wp\/v2\/media?parent=680"}],"curies":[{"name":"wp","href":"https:\/\/api.w.org\/{rel}","templated":true}]}}