{"id":59,"date":"2020-09-17T09:20:59","date_gmt":"2020-09-17T09:20:59","guid":{"rendered":"https:\/\/demowp.vinastar.net\/tfi\/?page_id=59"},"modified":"2025-07-02T13:42:11","modified_gmt":"2025-07-02T06:42:11","slug":"tuyen-dung","status":"publish","type":"page","link":"https:\/\/tfipharma.com\/vi\/tuyen-dung\/","title":{"rendered":"Tuy\u1ec3n d\u1ee5ng"},"content":{"rendered":"\n  <div class=\"banner has-hover\" id=\"banner-1071138948\">\n          <div class=\"banner-inner fill\">\n        <div class=\"banner-bg fill\" >\n            <div class=\"bg fill bg-fill \"><\/div>\n                                    \n                    <\/div>\n        <div class=\"banner-layers container\">\n            <div class=\"fill banner-link\"><\/div>            \n   <div id=\"text-box-180668939\" class=\"text-box banner-layer x50 md-x50 lg-x50 y50 md-y50 lg-y50 res-text\">\n                                <div class=\"text dark\">\n              \n              <div class=\"text-inner text-center\">\n                  \n              <\/div>\n           <\/div>\n                            \n<style>\n#text-box-180668939 {\n  width: 60%;\n}\n#text-box-180668939 .text {\n  font-size: 100%;\n}\n<\/style>\n    <\/div>\n \n        <\/div>\n      <\/div>\n\n            \n<style>\n#banner-1071138948 {\n  padding-top: 280px;\n}\n#banner-1071138948 .bg.bg-loaded {\n  background-image: url(https:\/\/tfipharma.com\/wp-content\/uploads\/2020\/10\/banner-tuyen-dung-1024x162.jpg);\n}\n<\/style>\n  <\/div>\n\n\n\t<section class=\"section tabtd dark\" id=\"section_510811244\">\n\t\t<div class=\"bg section-bg fill bg-fill  bg-loaded\" >\n\n\t\t\t\n\t\t\t\n\t\t\t\n\n\t\t<\/div>\n\n\t\t<div class=\"section-content relative\">\n\t\t\t\n<div class=\"row align-middle\"  id=\"row-1785450606\">\n\n\t<div id=\"col-1185026219\" class=\"col medium-6 small-12 large-6\"  >\n\t\t<div class=\"col-inner text-right dark\"  >\n\t\t\t\n\t\t\t\n<a class=\"button alert\"  >\n    <span>CH\u00cdNH S\u00c1CH NH\u00c2N S\u1ef0<\/span>\n  <\/a>\n\n\t\t<\/div>\n\t\t\n<style>\n#col-1185026219 > .col-inner {\n  padding: 0 0px 0px 0px;\n  margin: 0 0px 0px 0px;\n}\n<\/style>\n\t<\/div>\n\n\t\n\n\t<div id=\"col-1673673918\" class=\"col medium-6 small-12 large-6\"  >\n\t\t<div class=\"col-inner text-left\"  >\n\t\t\t\n\t\t\t\n<a class=\"button primary\"  >\n    <span>C\u01a0 H\u1ed8I VI\u1ec6C L\u00c0M<\/span>\n  <\/a>\n\n\t\t<\/div>\n\t\t\n<style>\n#col-1673673918 > .col-inner {\n  padding: 0 0px 0px 0px;\n  margin: 0 0px 0px 0px;\n}\n<\/style>\n\t<\/div>\n\n\t\n\n<style>\n#row-1785450606 > .col > .col-inner {\n  padding: 0 0px 0px 0px;\n  background-color: #08538a;\n}\n<\/style>\n<\/div>\n\t\t<\/div>\n\n\t\t\n<style>\n#section_510811244 {\n  padding-top: 0px;\n  padding-bottom: 0px;\n  background-color: rgb(8, 83, 138);\n}\n<\/style>\n\t<\/section>\n\t\n\t<section class=\"section\" id=\"section_924283894\">\n\t\t<div class=\"bg section-bg fill bg-fill  bg-loaded\" >\n\n\t\t\t\n\t\t\t\n\t\t\t\n\n\t\t<\/div>\n\n\t\t<div class=\"section-content relative\">\n\t\t\t\n<div class=\"row\"  id=\"row-1660370841\">\n\n\t<div id=\"col-358696140\" class=\"col small-12 large-12\"  >\n\t\t<div class=\"col-inner\"  >\n\t\t\t\n\t\t\t\n<div class=\"container section-title-container\" ><h2 class=\"section-title section-title-center\"><b><\/b><span class=\"section-title-main\" style=\"color:rgb(1, 61, 121);\">C\u01a1 h\u1ed9i vi\u1ec7c l\u00e0m<\/span><b><\/b><\/h2><\/div>\n<p>L\u00e0 m\u1ed9t nh\u00e2n vi\u00ean c\u1ee7a Trust Farma Qu\u1ed1c t\u1ebf, b\u1ea1n s\u1ebd \u0111\u00f3ng g\u00f3p t\u00edch c\u1ef1c v\u00e0o vi\u1ec7c s\u1ea3n xu\u1ea5t v\u00e0 ti\u1ebfp th\u1ecb s\u1ea3n ph\u1ea9m c\u1ee7a ch\u00fang t\u00f4i \u0111\u1ebfn c\u00e1c b\u1ec7nh nh\u00e2n v\u00e0 kh\u00e1ch h\u00e0ng. T\u1eadp trung to\u00e0n c\u1ea7u c\u1ee7a ch\u00fang t\u00f4i l\u00e0 cung c\u1ea5p c\u01a1 h\u1ed9i cho t\u1ea5t c\u1ea3 c\u00e1c nh\u00e2n vi\u00ean h\u1ee3p t\u00e1c qu\u1ed1c t\u1ebf, mang l\u1ea1i t\u1ea7m nh\u00ecn v\u00e0 c\u01a1 h\u1ed9i tr\u1ef1c ti\u1ebfp \u0111\u1ec3 g\u00f3p ph\u1ea7n v\u00e0o s\u1ef1 th\u00e0nh c\u00f4ng c\u1ee7a c\u00f4ng ty. Ch\u00fang t\u00f4i cho r\u1eb1ng s\u1ee9c m\u1ea1nh v\u00e0 l\u1ee3i th\u1ebf c\u1ea1nh tranh n\u1eb1m \u1edf v\u1ea5n \u0111\u1ec1 nh\u00e2n l\u1ef1c. Ch\u00fang t\u00f4i h\u1ed7 tr\u1ee3 nh\u00e2n vi\u00ean b\u1eb1ng nhi\u1ec1u c\u00e1ch nh\u1eb1m th\u00fac \u0111\u1ea9y m\u00f4i tr\u01b0\u1eddng l\u00e0m vi\u1ec7c l\u00e0nh m\u1ea1nh, c\u00f4ng vi\u1ec7c c\u00f3 \u00fd ngh\u0129a, \u0111a d\u1ea1ng v\u00e0 c\u00e2n b\u1eb1ng gi\u1eefa c\u00f4ng vi\u1ec7c v\u00e0 cu\u1ed9c s\u1ed1ng. M\u00f4i tr\u01b0\u1eddng c\u1ee7a ch\u00fang t\u00f4i t\u00f4n tr\u1ecdng s\u1ef1 kh\u00e1c bi\u1ec7t t\u1eebng c\u00e1 nh\u00e2n v\u00e0 c\u00f4ng nh\u1eadn m\u1ed7i nh\u00e2n vi\u00ean l\u00e0 m\u1ed9t th\u00e0nh vi\u00ean kh\u00f4ng th\u1ec3 thi\u1ebfu c\u1ee7a c\u00f4ng ty. L\u1ef1c l\u01b0\u1ee3ng lao \u0111\u1ed9ng c\u1ee7a ch\u00fang t\u00f4i ph\u1ea3n \u00e1nh nh\u1eefng gi\u00e1 tr\u1ecb n\u00e0y v\u00e0 t\u00f4n vinh c\u00e1c c\u00e1 nh\u00e2n t\u1ea1o n\u00ean \u0111\u1ed9i ng\u0169 ph\u00e1t tri\u1ec3n.<\/p>\n<p>B\u1ea1n c\u00f3 nh\u1eefng \u00fd t\u01b0\u1edfng tuy\u1ec7t v\u1eddi v\u00e0 mu\u1ed1n l\u00e0m vi\u1ec7c trong m\u1ed9t m\u00f4i tr\u01b0\u1eddng nu\u00f4i d\u01b0\u1ee1ng s\u1ef1 ph\u00e1t tri\u1ec3n chuy\u00ean m\u00f4n c\u1ee7a b\u1ea1n? Ch\u00fang t\u00f4i vui m\u1eebng ch\u00e0o \u0111\u00f3n b\u1ea1n tham gia c\u00f9ng ch\u00fang t\u00f4i tr\u00ean con \u0111\u01b0\u1eddng ph\u00e1t tri\u1ec3n. Ch\u00fang t\u00f4i c\u0169ng s\u1ebd vui m\u1eebng nh\u1eadn \u0111\u01a1n t\u1ef1 \u1ee9ng c\u1eed c\u1ee7a b\u1ea1n g\u1eedi qua email theo \u0111\u1ecba ch\u1ec9 sau: recruitment@trustfarmainternational.vn<\/p>\n<h3><span data-text-color=\"alert\"><strong>L\u01b0u \u00fd:<\/strong><\/span><\/h3>\n<p>T\u1ea5t c\u1ea3 h\u1ed3 s\u01a1\/l\u00fd l\u1ecbch t\u1ef1 nguy\u1ec7n n\u1ed9p qua trang web c\u1ee7a ch\u00fang t\u00f4i ho\u1eb7c t\u00e0i kho\u1ea3n email c\u00e1 nh\u00e2n c\u1ee7a c\u00e1c nh\u00e2n vi\u00ean Trust Farma Qu\u1ed1c t\u1ebf \u0111\u01b0\u1ee3c xem l\u00e0 t\u00e0i s\u1ea3n c\u1ee7a c\u00f4ng ty v\u00e0 kh\u00f4ng ph\u1ea3i tr\u1ea3 l\u1ec7 ph\u00ed gi\u1edbi thi\u1ec7u. \u0110\u1ec3 l\u00e0 c\u01a1 quan tuy\u1ec3n d\u1ee5ng \u0111\u01b0\u1ee3c \u1ee7y quy\u1ec1n\/\u0111\u01a1n v\u1ecb t\u00ecm ki\u1ebfm nh\u00e2n s\u1ef1 cho Trust Farma Qu\u1ed1c t\u1ebf, b\u1ea5t k\u1ef3 c\u01a1 quan hay \u0111\u01a1n v\u1ecb n\u00e0o c\u0169ng ph\u1ea3i c\u00f3 m\u1ed9t th\u1ecfa thu\u1eadn b\u1eb1ng v\u0103n b\u1ea3n ch\u00ednh th\u1ee9c v\u00e0 c\u00f3 m\u1ed1i quan h\u1ec7 c\u00f4ng vi\u1ec7c v\u1edbi B\u1ed9 ph\u1eadn t\u00ecm ki\u1ebfm nh\u00e2n t\u00e0i c\u1ee7a Trust Farma Qu\u1ed1c t\u1ebf v\u00e0 n\u1ed9p h\u1ed3 s\u01a1 th\u00f4ng qua h\u01b0\u1edbng d\u1eabn n\u1ed9p \u0111\u01a1n. Ngay c\u1ea3 \u0111\u1ed1i v\u1edbi c\u00e1c c\u01a1 quan tuy\u1ec3n d\u1ee5ng \u0111\u01b0\u1ee3c \u1ee7y quy\u1ec1n\/ \u0111\u01a1n v\u1ecb t\u00ecm ki\u1ebfm nh\u00e2n s\u1ef1, n\u1ebfu kh\u00f4ng tu\u00e2n th\u1ee7 nh\u1eefng h\u01b0\u1edbng d\u1eabn n\u1ed9p \u0111\u01a1n, Trust Farma Qu\u1ed1c t\u1ebf s\u1ebd kh\u00f4ng chi tr\u1ea3 l\u1ec7 ph\u00ed gi\u1edbi thi\u1ec7u.<\/p>\n\t\t<\/div>\n\t\t\t<\/div>\n\n\t\n<\/div>\n<div class=\"container section-title-container\" ><h2 class=\"section-title section-title-center\"><b><\/b><span class=\"section-title-main\" style=\"color:rgb(1, 61, 121);\">Tin tuy\u1ec3n d\u1ee5ng<\/span><b><\/b><\/h2><\/div>\n\n  \n    <div class=\"row tuyendung large-columns-2 medium-columns- small-columns-\">\n          <div class=\"page-col col\" data-animate=\"fadeInRight\">\n          <div class=\"col-inner\" >\n          <a class=\"plain\" href=\"https:\/\/tfipharma.com\/vi\/tuyen-dung\/tuyen-dung-truong-phong-ky-thuat-du-an-eu-gmp\/\" title=\"TUY\u1ec2N D\u1ee4NG \u2013 01 TR\u01af\u1edeNG PH\u00d2NG K\u1ef8 THU\u1eacT (D\u1ef1 \u00e1n EU-GMP)\" target=\"\">\n            <div class=\"page-box box has-hover box-vertical\">\n                  <div class=\"box-image\" style=\"width:30%;\">\n                      <div class=\"box-image\" >\n                      <img width=\"1600\" height=\"900\" src=\"https:\/\/tfipharma.com\/wp-content\/uploads\/2025\/07\/stv-blog-engineering-manager-salary-guide.jpeg\" class=\"attachment-original size-original\" alt=\"TFI tuyen dung Engineering Manager\" loading=\"lazy\" srcset=\"https:\/\/tfipharma.com\/wp-content\/uploads\/2025\/07\/stv-blog-engineering-manager-salary-guide.jpeg 1600w, https:\/\/tfipharma.com\/wp-content\/uploads\/2025\/07\/stv-blog-engineering-manager-salary-guide-300x169.jpeg 300w, https:\/\/tfipharma.com\/wp-content\/uploads\/2025\/07\/stv-blog-engineering-manager-salary-guide-1024x576.jpeg 1024w, https:\/\/tfipharma.com\/wp-content\/uploads\/2025\/07\/stv-blog-engineering-manager-salary-guide-768x432.jpeg 768w, https:\/\/tfipharma.com\/wp-content\/uploads\/2025\/07\/stv-blog-engineering-manager-salary-guide-1536x864.jpeg 1536w, https:\/\/tfipharma.com\/wp-content\/uploads\/2025\/07\/stv-blog-engineering-manager-salary-guide-600x338.jpeg 600w\" sizes=\"(max-width: 1600px) 100vw, 1600px\" \/>                      <\/div>\n                                                              <\/div>\n                  <div class=\"box-text text-left is-large\" >\n                        <div class=\"box-text-inner\">\n                            <p>TUY\u1ec2N D\u1ee4NG \u2013 01 TR\u01af\u1edeNG PH\u00d2NG K\u1ef8 THU\u1eacT (D\u1ef1 \u00e1n EU-GMP)<\/p>\n                        <\/div>\n                  <\/div>\n              <\/div>\n            <\/a>\n            <\/div>\n          <\/div>\n         <\/div>\n\t\t<\/div>\n\n\t\t\n<style>\n#section_924283894 {\n  padding-top: 30px;\n  padding-bottom: 30px;\n}\n<\/style>\n\t<\/section>\n\t\n","protected":false},"excerpt":{"rendered":"","protected":false},"author":1,"featured_media":0,"parent":0,"menu_order":0,"comment_status":"closed","ping_status":"closed","template":"page-blank.php","meta":[],"_links":{"self":[{"href":"https:\/\/tfipharma.com\/vi\/wp-json\/wp\/v2\/pages\/59"}],"collection":[{"href":"https:\/\/tfipharma.com\/vi\/wp-json\/wp\/v2\/pages"}],"about":[{"href":"https:\/\/tfipharma.com\/vi\/wp-json\/wp\/v2\/types\/page"}],"author":[{"embeddable":true,"href":"https:\/\/tfipharma.com\/vi\/wp-json\/wp\/v2\/users\/1"}],"replies":[{"embeddable":true,"href":"https:\/\/tfipharma.com\/vi\/wp-json\/wp\/v2\/comments?post=59"}],"version-history":[{"count":29,"href":"https:\/\/tfipharma.com\/vi\/wp-json\/wp\/v2\/pages\/59\/revisions"}],"predecessor-version":[{"id":1912,"href":"https:\/\/tfipharma.com\/vi\/wp-json\/wp\/v2\/pages\/59\/revisions\/1912"}],"wp:attachment":[{"href":"https:\/\/tfipharma.com\/vi\/wp-json\/wp\/v2\/media?parent=59"}],"curies":[{"name":"wp","href":"https:\/\/api.w.org\/{rel}","templated":true}]}}