{"id":50,"date":"2020-09-17T09:19:17","date_gmt":"2020-09-17T09:19:17","guid":{"rendered":"https:\/\/demowp.vinastar.net\/tfi\/?page_id=50"},"modified":"2024-08-02T10:18:00","modified_gmt":"2024-08-02T03:18:00","slug":"lien-he","status":"publish","type":"page","link":"https:\/\/tfipharma.com\/vi\/lien-he\/","title":{"rendered":"Li\u00ean h\u1ec7"},"content":{"rendered":"\n  <div class=\"banner has-hover\" id=\"banner-30707998\">\n          <div class=\"banner-inner fill\">\n        <div class=\"banner-bg fill\" >\n            <div class=\"bg fill bg-fill \"><\/div>\n                                    \n                    <\/div>\n        <div class=\"banner-layers container\">\n            <div class=\"fill banner-link\"><\/div>            \n   <div id=\"text-box-1429447564\" class=\"text-box banner-layer x50 md-x50 lg-x50 y50 md-y50 lg-y50 res-text\">\n                                <div class=\"text dark\">\n              \n              <div class=\"text-inner text-center\">\n                  \n              <\/div>\n           <\/div>\n                            \n<style>\n#text-box-1429447564 {\n  width: 60%;\n}\n#text-box-1429447564 .text {\n  font-size: 100%;\n}\n<\/style>\n    <\/div>\n \n        <\/div>\n      <\/div>\n\n            \n<style>\n#banner-30707998 {\n  padding-top: 290px;\n}\n#banner-30707998 .bg.bg-loaded {\n  background-image: url(https:\/\/tfipharma.com\/wp-content\/uploads\/2020\/10\/banner-lh.jpg);\n}\n#banner-30707998 .bg {\n  background-position: 48% 50%;\n}\n<\/style>\n  <\/div>\n\n\n\t<section class=\"section\" id=\"section_1659508049\">\n\t\t<div class=\"bg section-bg fill bg-fill  bg-loaded\" >\n\n\t\t\t\n\t\t\t\n\t\t\t\n\n\t\t<\/div>\n\n\t\t<div class=\"section-content relative\">\n\t\t\t\n<p style=\"text-align: center;\">Xin k\u00ednh ch\u00e0o qu\u00fd kh\u00e1ch! C\u1ea3m \u01a1n qu\u00fd kh\u00e1ch \u0111\u00e3 quan t\u00e2m \u0111\u1ebfn <strong>Trust Farma Qu\u1ed1c T\u1ebf<\/strong><\/p>\n<p style=\"text-align: center;\">N\u1ebfu qu\u00fd kh\u00e1ch c\u00f3 th\u1eafc m\u1eafc, \u00fd ki\u1ebfn hay \u0111\u00f3ng g\u00f3p xin vui l\u00f2ng \u0111i\u1ec1n v\u00e0o Form d\u01b0\u1edbi \u0111\u00e2y v\u00e0 g\u1eedi cho ch\u00fang t\u00f4i.<\/p>\n<p style=\"text-align: center;\">Xin ch\u00e2n th\u00e0nh c\u1ea3m \u01a1n!<\/p>\n<div class=\"row row-small\"  id=\"row-1274103797\">\n\n\t<div id=\"col-1077996758\" class=\"col medium-6 small-12 large-6\"  >\n\t\t<div class=\"col-inner\"  >\n\t\t\t\n\t\t\t\n<h3 style=\"text-align: left;\"><span style=\"font-size: 100%; color: #003d79;\"><strong>C\u00f4ng Ty C\u1ed5 Ph\u1ea7n Trust Farma Qu\u1ed1c T\u1ebf<\/strong><\/span><\/h3>\n<p>Trong nh\u1eefng trang sau \u0111\u00e2y, b\u1ea1n s\u1ebd t\u00ecm th\u1ea5y th\u00f4ng tin li\u00ean h\u1ec7 v\u00e0 \u0111ia ch\u1ec9 c\u1ee7a Trust Farma Qu\u1ed1c t\u1ebf c\u0169ng nh\u01b0 b\u1ea3n \u0111\u1ed3 ch\u1ec9 r\u00f5 v\u1ecb tr\u00ed c\u1ee7a ch\u00fang t\u00f4i. H\u00e3y g\u1ecdi \u0111i\u1ec7n tho\u1ea1i ho\u1eb7c vi\u1ebft cho ch\u00fang t\u00f4i! Ch\u00fang t\u00f4i s\u1eb5n s\u00e0ng gi\u00fap \u0111\u1ee1 b\u1ea1n.<\/p>\n<ul>\n<li><span style=\"color: #003d79;\" data-text-color=\"primary\">\u0110\u1ecba Ch\u1ec9:<\/span> S\u1ed1 36 \u0110\u1ea1i L\u1ed9 H\u1eefu Ngh\u1ecb, khu c\u00f4ng nghi\u1ec7p, Vi\u1ec7t Nam &#8211; Singapore, TP.Thu\u1eadn An, T\u1ec9nh B\u00ecnh D\u01b0\u01a1ng.<\/li>\n<li><span data-text-color=\"primary\"><span style=\"color: #003d79;\">\u0110i\u1ec7n Tho\u1ea1i<\/span>:<\/span> +84 (274) 3 766 790 &#8211; 91 &#8211; 92<\/li>\n<li><span style=\"color: #003d79;\">Fax:\u00a0 \u00a0 \u00a0<\/span> \u00a0 \u00a0 \u00a0 \u00a0+84 (274) 3 766 793<\/li>\n<li><span data-text-color=\"primary\"><span style=\"color: #003d79;\">Email:\u00a0<\/span> \u00a0 \u00a0 \u00a0 \u00a0<\/span>\u00a0info@trustfarmainternational.vn<\/li>\n<li>Website:\u00a0 \u00a0 \u00a0 <a href=\"http:\/\/www.tfi.vn\">www.tfipharma.com<\/a><\/li>\n<\/ul>\n\t\t<\/div>\n\t\t\t<\/div>\n\n\t\n\n\t<div id=\"col-1571038350\" class=\"col medium-6 small-12 large-6\"  >\n\t\t<div class=\"col-inner\"  >\n\t\t\t\n\t\t\t\n<p><span style=\"color: #003d79;\"><strong>V\u0102N PH\u00d2NG TP.HCM<\/strong><\/span><\/p>\n<p>285 C\u00e1ch M\u1ea1ng Th\u00e1ng T\u00e1m, ph\u01b0\u1eddng 12, qu\u1eadn 10, th\u00e0nh ph\u1ed1 H\u1ed3 Ch\u00ed Minh.<\/p>\n<p><span style=\"color: #003d79;\"><strong>V\u0102N PH\u00d2NG H\u00c0 N\u1ed8I<\/strong><\/span><\/p>\n<p>T\u1ea7ng 2, T\u00f2a nh\u00e0 \u0110\u00e0o Duy Anh, S\u1ed1 9 \u0110\u00e0o Duy Anh, Q. \u0110\u1ed1ng \u0110a, H\u00e0 N\u1ed9i<\/p>\n<p><span style=\"color: #003d79;\"><strong>V\u0102N PH\u00d2NG \u0110\u00c0 N\u1eb4NG<\/strong><\/span><\/p>\n<p>370-372 \u0110\u01b0\u1eddng Ho\u00e0ng Di\u1ec7u, P. B\u00ecnh Thu\u1eadn, Q. H\u1ea3i Ch\u00e2u, \u0110\u00e0 N\u1eb5ng<\/p>\n\t\t<\/div>\n\t\t\t<\/div>\n\n\t\n\n\t<div id=\"col-1500140002\" class=\"col small-12 large-12\"  >\n\t\t<div class=\"col-inner\"  >\n\t\t\t\n\t\t\t\n\t\t<\/div>\n\t\t\t<\/div>\n\n\t\n<\/div>\n<div class=\"row\"  id=\"row-2047117311\">\n\n\t<div id=\"col-81377827\" class=\"col medium-6 small-12 large-6\"  >\n\t\t<div class=\"col-inner\"  >\n\t\t\t\n\t\t\t\n<div class=\"container section-title-container\" ><h2 class=\"section-title section-title-center\"><b><\/b><span class=\"section-title-main\" style=\"color:rgb(0, 61, 121);\">Li\u00ean h\u1ec7 v\u1edbi ch\u00fang t\u00f4i<\/span><b><\/b><\/h2><\/div>\n<div role=\"form\" class=\"wpcf7\" id=\"wpcf7-f6-o1\" lang=\"vi\" dir=\"ltr\">\n<div class=\"screen-reader-response\"><p role=\"status\" aria-live=\"polite\" aria-atomic=\"true\"><\/p> <ul><\/ul><\/div>\n<form action=\"\/vi\/wp-json\/wp\/v2\/pages\/50#wpcf7-f6-o1\" method=\"post\" class=\"wpcf7-form init\" novalidate=\"novalidate\" data-status=\"init\">\n<div style=\"display: none;\">\n<input type=\"hidden\" name=\"_wpcf7\" value=\"6\" \/>\n<input type=\"hidden\" name=\"_wpcf7_version\" value=\"5.3\" \/>\n<input type=\"hidden\" name=\"_wpcf7_locale\" value=\"vi\" \/>\n<input type=\"hidden\" name=\"_wpcf7_unit_tag\" value=\"wpcf7-f6-o1\" \/>\n<input type=\"hidden\" name=\"_wpcf7_container_post\" value=\"0\" \/>\n<input type=\"hidden\" name=\"_wpcf7_posted_data_hash\" value=\"\" \/>\n<\/div>\n<p><label> H\u1ecd & T\u00ean (required)<br \/>\n    <span class=\"wpcf7-form-control-wrap your-name\"><input type=\"text\" name=\"your-name\" value=\"\" size=\"40\" class=\"wpcf7-form-control wpcf7-text wpcf7-validates-as-required\" aria-required=\"true\" aria-invalid=\"false\" \/><\/span> <\/label><\/p>\n<p><label> Email (required)<br \/>\n    <span class=\"wpcf7-form-control-wrap your-email\"><input type=\"email\" name=\"your-email\" value=\"\" size=\"40\" class=\"wpcf7-form-control wpcf7-text wpcf7-email wpcf7-validates-as-required wpcf7-validates-as-email\" aria-required=\"true\" aria-invalid=\"false\" \/><\/span> <\/label><\/p>\n<p><label> Ti\u00eau \u0111\u1ec1<br \/>\n    <span class=\"wpcf7-form-control-wrap your-subject\"><input type=\"text\" name=\"your-subject\" value=\"\" size=\"40\" class=\"wpcf7-form-control wpcf7-text\" aria-invalid=\"false\" \/><\/span> <\/label><\/p>\n<p><label> N\u1ed9i dung:<br \/>\n    <span class=\"wpcf7-form-control-wrap your-message\"><textarea name=\"your-message\" cols=\"40\" rows=\"10\" class=\"wpcf7-form-control wpcf7-textarea\" aria-invalid=\"false\"><\/textarea><\/span> <\/label><\/p>\n<p><input type=\"submit\" value=\"G\u1eedi\" class=\"wpcf7-form-control wpcf7-submit\" \/><\/p>\n<div class=\"wpcf7-response-output\" aria-hidden=\"true\"><\/div><\/form><\/div>\n\t\t<\/div>\n\t\t\t<\/div>\n\n\t\n\n\t<div id=\"col-415748534\" class=\"col medium-6 small-12 large-6\"  >\n\t\t<div class=\"col-inner\"  >\n\t\t\t\n\t\t\t\n<div class=\"container section-title-container\" ><h2 class=\"section-title section-title-center\"><b><\/b><span class=\"section-title-main\" style=\"color:rgb(0, 61, 121);\">S\u01a1 \u0111\u1ed3 \u0111\u01b0\u1eddng \u0111i<\/span><b><\/b><\/h2><\/div>\n<p><iframe style=\"border: 0;\" tabindex=\"0\" src=\"https:\/\/www.google.com\/maps\/embed?pb=!1m18!1m12!1m3!1d3917.5108980620885!2d106.725681414802!3d10.924726992220979!2m3!1f0!2f0!3f0!3m2!1i1024!2i768!4f13.1!3m3!1m2!1s0x0%3A0x14c07c786ff8aeb4!2sTrust%20Farma%20International%20JSC.!5e0!3m2!1sen!2s!4v1606098031876!5m2!1sen!2s\" width=\"100%\" height=\"450\" frameborder=\"0\" allowfullscreen=\"allowfullscreen\" aria-hidden=\"false\"><\/iframe><\/p>\n\t\t<\/div>\n\t\t\t<\/div>\n\n\t\n<\/div>\n\t\t<\/div>\n\n\t\t\n<style>\n#section_1659508049 {\n  padding-top: 30px;\n  padding-bottom: 30px;\n  background-color: rgb(244, 244, 244);\n}\n<\/style>\n\t<\/section>\n\t\n","protected":false},"excerpt":{"rendered":"","protected":false},"author":1,"featured_media":0,"parent":0,"menu_order":0,"comment_status":"closed","ping_status":"closed","template":"page-blank.php","meta":[],"_links":{"self":[{"href":"https:\/\/tfipharma.com\/vi\/wp-json\/wp\/v2\/pages\/50"}],"collection":[{"href":"https:\/\/tfipharma.com\/vi\/wp-json\/wp\/v2\/pages"}],"about":[{"href":"https:\/\/tfipharma.com\/vi\/wp-json\/wp\/v2\/types\/page"}],"author":[{"embeddable":true,"href":"https:\/\/tfipharma.com\/vi\/wp-json\/wp\/v2\/users\/1"}],"replies":[{"embeddable":true,"href":"https:\/\/tfipharma.com\/vi\/wp-json\/wp\/v2\/comments?post=50"}],"version-history":[{"count":39,"href":"https:\/\/tfipharma.com\/vi\/wp-json\/wp\/v2\/pages\/50\/revisions"}],"predecessor-version":[{"id":2069,"href":"https:\/\/tfipharma.com\/vi\/wp-json\/wp\/v2\/pages\/50\/revisions\/2069"}],"wp:attachment":[{"href":"https:\/\/tfipharma.com\/vi\/wp-json\/wp\/v2\/media?parent=50"}],"curies":[{"name":"wp","href":"https:\/\/api.w.org\/{rel}","templated":true}]}}