{"id":240,"date":"2020-09-18T09:22:02","date_gmt":"2020-09-18T09:22:02","guid":{"rendered":"https:\/\/demowp.vinastar.net\/tfi\/?page_id=240"},"modified":"2023-10-18T15:19:51","modified_gmt":"2023-10-18T08:19:51","slug":"gioi-thieu-nha-may","status":"publish","type":"page","link":"https:\/\/tfipharma.com\/vi\/gioi-thieu-nha-may\/","title":{"rendered":"Gi\u1edbi thi\u1ec7u nh\u00e0 m\u00e1y"},"content":{"rendered":"\n  <div class=\"banner has-hover\" id=\"banner-834630735\">\n          <div class=\"banner-inner fill\">\n        <div class=\"banner-bg fill\" >\n            <div class=\"bg fill bg-fill \"><\/div>\n                                    \n                    <\/div>\n        <div class=\"banner-layers container\">\n            <div class=\"fill banner-link\"><\/div>            \n   <div id=\"text-box-446392713\" class=\"text-box banner-layer x50 md-x50 lg-x50 y50 md-y50 lg-y50 res-text\">\n                                <div class=\"text dark\">\n              \n              <div class=\"text-inner text-center\">\n                  \n              <\/div>\n           <\/div>\n                            \n<style>\n#text-box-446392713 {\n  width: 60%;\n}\n#text-box-446392713 .text {\n  font-size: 100%;\n}\n<\/style>\n    <\/div>\n \n        <\/div>\n      <\/div>\n\n            \n<style>\n#banner-834630735 {\n  padding-top: 290px;\n}\n#banner-834630735 .bg.bg-loaded {\n  background-image: url(https:\/\/tfipharma.com\/wp-content\/uploads\/2020\/10\/banner-nha-may.jpg);\n}\n<\/style>\n  <\/div>\n\n\n\t<section class=\"section\" id=\"section_2042555630\">\n\t\t<div class=\"bg section-bg fill bg-fill  bg-loaded\" >\n\n\t\t\t\n\t\t\t\n\t\t\t\n\n\t\t<\/div>\n\n\t\t<div class=\"section-content relative\">\n\t\t\t\n<div class=\"row\"  id=\"row-1494864099\">\n\n\t<div id=\"col-2082903758\" class=\"col small-12 large-12\"  >\n\t\t<div class=\"col-inner\"  >\n\t\t\t\n\t\t\t\n<p class=\"uppercase lead\" style=\"text-align: center;\"><span style=\"font-size: 150%; color: #153e7e;\"><strong>D\u00e2y chuy\u1ec1n s\u1ea3n xu\u1ea5t<\/strong><\/span><\/p>\n<p>Ch\u00fang t\u00f4i tin r\u1eb1ng c\u00e1c \u0111i\u1ec1u ki\u1ec7n kh\u00f4ng gian l\u00e0 \u0111i\u1ec1u quan tr\u1ecdng h\u00e0ng \u0111\u1ea7u cho ch\u1ea5t l\u01b0\u1ee3ng s\u1ea3n ph\u1ea9m cephalosporin. C\u00e1c khu s\u1ea3n xu\u1ea5t c\u1ee7a ch\u00fang t\u00f4i \u0111\u01b0\u1ee3c T\u1ed5 ch\u1ee9c y t\u1ebf Th\u1ebf gi\u1edbi (WHO), c\u01a1 quan qu\u1ea3n l\u00fd thu\u1ed1c Ch\u00e2u \u00c2u (EMA) v\u00e0 C\u01a1 quan Qu\u1ea3n l\u00fd Th\u1ef1c ph\u1ea9m v\u00e0 D\u01b0\u1ee3c ph\u1ea9m Hoa k\u1ef3 gi\u00e1m s\u00e1t ch\u1eb7t ch\u1ebd, \u0111\u00f2i h\u1ecfi ch\u00fang t\u00f4i ph\u1ea3i tu\u00e2n th\u1ee7 chu\u1ea9n GMP hi\u1ec7n h\u00e0nh (Th\u1ef1c h\u00e0nh s\u1ea3n xu\u1ea5t t\u1ed1t). C\u00e1c qui \u0111\u1ecbnh c\u00f3 hi\u1ec7u l\u1ef1c ph\u00e1p l\u00fd n\u00e0y h\u01b0\u1edbng cho ch\u00fang t\u00f4i bi\u1ebft ph\u1ea3i th\u1ef1c hi\u1ec7n tr\u01b0\u1edbc c\u00e1c b\u01b0\u1edbc \u0111\u1ec3 \u0111\u1ea3m b\u1ea3o s\u1ea3n ph\u1ea9m c\u1ee7a ch\u00fang t\u00f4i an to\u00e0n, thu\u1ea7n khi\u1ebft v\u00e0 hi\u1ec7u qu\u1ea3. Nh\u1eadn th\u1ee9c vi\u1ec7c ti\u1ebfp c\u1eadn ch\u1ea5t l\u01b0\u1ee3ng theo chu\u1ea9n cGMP, ch\u00fang t\u00f4i l\u1eadp k\u1ebf ho\u1ea1ch m\u1ed9t c\u00e1ch kh\u00e9o l\u00e9o v\u00e0 th\u1ef1c hi\u1ec7n c\u00e1c t\u00ednh to\u00e1n ban \u0111\u1ea7u v\u1edbi vi\u1ec7c l\u1ef1a ch\u1ecdn v\u1eadt li\u1ec7u x\u00e2y d\u1ef1ng v\u00e0 ho\u00e0n thi\u1ec7n, h\u1ec7 th\u1ed1ng n\u01b0\u1edbc, \u0111\u01b0\u1eddng \u0111i c\u1ee7a thi\u1ebft b\u1ecb, nh\u00e2n s\u1ef1 v\u00e0 s\u1ea3n ph\u1ea9m, x\u00e1c \u0111\u1ecbnh c\u00e1c th\u00f4ng s\u1ed1 quan tr\u1ecdng nh\u01b0 nhi\u1ec7t \u0111\u00f4, \u0111\u1ed9 \u1ea9m, \u00e1p su\u1ea5t, h\u1ec7 th\u1ed1ng l\u1ecdc, c\u00e1c th\u00f4ng s\u1ed1 d\u00f2ng kh\u00ed, ph\u00e2n lo\u1ea1i ph\u00f2ng s\u1ea1ch. Qu\u1ea3n l\u00fd c\u00e1c m\u1ee9c \u0111\u1ed9 ki\u1ec3m so\u00e1t c\u00e1c th\u00f4ng s\u1ed1 kh\u00e1c nhau \u0111\u1ec3 \u0111\u1ea3m b\u1ea3o ch\u1ea5t l\u01b0\u1ee3ng, qui \u0111\u1ecbnh c\u00e1c ti\u00eau ch\u00ed ch\u1ea5p nh\u1eadn, th\u1ea9m \u0111\u1ecbnh nh\u00e0 x\u01b0\u1edfng thi\u1ebft b\u1ecb, v\u00e0 h\u1ed3 s\u01a1 \u0111\u1ec3 v\u1eadn h\u00e0nh v\u00e0 b\u1ea3o tr\u00ec.<\/p>\n<p>Nh\u00e0 m\u00e1y g\u1ed3m 2 khu v\u1ef1c s\u1ea3n xu\u1ea5t thu\u1ed1c vi\u00ean v\u00e0 thu\u1ed1c ti\u00eam v\u00f4 tr\u00f9ng. Nh\u00e0 m\u00e1y TFI hi\u1ec7n \u0111ang v\u1eadn h\u00e0nh theo ti\u00eau chu\u1ea9n c\u1ee7a GMP-WHO, h\u01b0\u1edbng t\u1edbi k\u1ebf ho\u1ea1ch \u0111\u1ea1t ti\u00eau chu\u1ea9n GMP-EU.<\/p>\n\t\t<\/div>\n\t\t\t<\/div>\n\n\t\n<\/div>\n<div class=\"row\"  id=\"row-481513659\">\n\n\t<div id=\"col-764208728\" class=\"col medium-4 small-12 large-4\"  >\n\t\t<div class=\"col-inner\"  >\n\t\t\t\n\t\t\t\n\t<div class=\"img has-hover x md-x lg-x y md-y lg-y\" id=\"image_1446838307\">\n\t\t\t\t\t\t\t\t<div class=\"img-inner dark\" >\n\t\t\t<img width=\"1020\" height=\"884\" src=\"https:\/\/tfipharma.com\/wp-content\/uploads\/2020\/11\/day-chuyen-tiem-01-1024x887.jpg\" class=\"attachment-large size-large\" alt=\"\" loading=\"lazy\" srcset=\"https:\/\/tfipharma.com\/wp-content\/uploads\/2020\/11\/day-chuyen-tiem-01-1024x887.jpg 1024w, https:\/\/tfipharma.com\/wp-content\/uploads\/2020\/11\/day-chuyen-tiem-01-300x260.jpg 300w, https:\/\/tfipharma.com\/wp-content\/uploads\/2020\/11\/day-chuyen-tiem-01-768x665.jpg 768w, https:\/\/tfipharma.com\/wp-content\/uploads\/2020\/11\/day-chuyen-tiem-01-1536x1330.jpg 1536w, https:\/\/tfipharma.com\/wp-content\/uploads\/2020\/11\/day-chuyen-tiem-01-2048x1774.jpg 2048w, https:\/\/tfipharma.com\/wp-content\/uploads\/2020\/11\/day-chuyen-tiem-01-600x520.jpg 600w\" sizes=\"(max-width: 1020px) 100vw, 1020px\" \/>\t\t\t\t\t\t\n\t\t\t\t\t<\/div>\n\t\t\t\t\t\t\t\t\n<style>\n#image_1446838307 {\n  width: 100%;\n}\n<\/style>\n\t<\/div>\n\t\n\t\t<\/div>\n\t\t\t<\/div>\n\n\t\n\n\t<div id=\"col-1191563716\" class=\"col medium-8 small-12 large-8\"  >\n\t\t<div class=\"col-inner\"  >\n\t\t\t\n\t\t\t\n<p><span style=\"color: #153e7e;\"><b>D\u00e2y<\/b> <strong>chuy\u1ec1n<\/strong><b> <\/b><b>thu\u1ed1c<\/b> <b>v\u00f4<\/b> <b>tr\u00f9ng<\/b><\/span><\/p>\n<p>Trong quy tr\u00ecnh s\u1ea3n xu\u1ea5t thu\u1ed1c v\u00f4 tr\u00f9ng c\u1ee7a ch\u00fang t\u00f4i, thu\u1ed1c, chai l\u1ecd v\u00e0 n\u00fat \u0111\u1eady tr\u01b0\u1edbc ti\u00ean \u0111\u01b0\u1ee3c ti\u1ec7t tr\u00f9ng ri\u1ec7ng bi\u1ec7t, ph\u00f9 h\u1ee3p cho t\u1eebng lo\u1ea1i v\u00e0 sau \u0111\u00f3 c\u00f9ng \u0111\u01b0\u1ee3c \u0111\u01b0a v\u00e0o ph\u00f2ng v\u00f4 tr\u00f9ng. Do kh\u00f4ng c\u00f2n kh\u00e2u x\u1eed l\u00fd ti\u1ec7t tr\u00f9ng n\u00e0o sau khi thu\u1ed1c \u0111\u00e3 v\u00e0o l\u1ecd, n\u00ean \u0111i\u1ec1u t\u1ed1i quan tr\u1ecdng\u00a0 l\u00e0 c\u00e1c l\u1ecd \u0111\u01b0\u1ee3c v\u00f4 thu\u1ed1c v\u00e0 \u0111\u00f3ng n\u1eafp trong m\u00f4i tr\u01b0\u1eddng ch\u1ea5t l\u01b0\u1ee3ng cao t\u1ed1t \u0111a. \u0110\u01b0\u1ee3c trang b\u1ecb \u0111\u1ea7y \u0111\u1ee7 d\u00e2y chuy\u1ec1n s\u1ea3n xu\u1ea5t hi\u1ec7n \u0111\u1ea1i \u0111\u1ed3ng b\u1ed9 t\u1eeb n\u1ed3i h\u1ea5p ti\u1ec7t tr\u00f9ng b\u1eb1ng nhi\u1ec7t \u1ea9m, h\u1ea7m s\u1ea5y ti\u1ec7t tr\u00f9ng kh\u1eed ch\u00ed nhi\u1ec7t \u0111\u1ed9 b\u1eb1ng nhi\u1ec7t kh\u00f4 \u0111\u1ebfn d\u00e2y chuy\u1ec1n s\u1ea3n xu\u1ea5t\u00a0 thu\u1ed1c t\u1ef1 \u0111\u1ed9ng t\u1eeb \u00dd, \u0111i\u1ec1u n\u00e0y \u0111\u00e3 gi\u00fap ch\u00fang t\u00f4i c\u00f3 th\u1ec3 \u0111\u1ea1t\u00a0 \u0111\u01b0\u1ee3c nh\u1eefng y\u00eau c\u1ea7u kh\u1eaft khe nh\u1ea5t trong s\u1ea3n xu\u1ea5t thu\u1ed1c\u00a0 ti\u00eam b\u1ed9t v\u00f4 tr\u00f9ng v\u1edbi n\u0103ng xu\u1ea5t c\u00f3 th\u1ec3 \u0111\u1ea1t t\u1edbi 18.000 l\u1ecd\/gi\u1edd.<\/p>\n\t\t<\/div>\n\t\t\t<\/div>\n\n\t\n<\/div>\n<div class=\"row\"  id=\"row-108503240\">\n\n\t<div id=\"col-692323709\" class=\"col medium-4 small-12 large-4\"  >\n\t\t<div class=\"col-inner\"  >\n\t\t\t\n\t\t\t\n\t<div class=\"img has-hover x md-x lg-x y md-y lg-y\" id=\"image_1087379721\">\n\t\t\t\t\t\t\t\t<div class=\"img-inner dark\" >\n\t\t\t<img width=\"1020\" height=\"884\" src=\"https:\/\/tfipharma.com\/wp-content\/uploads\/2020\/11\/day-chuyen-vien-nen-01-1024x887.jpg\" class=\"attachment-large size-large\" alt=\"\" loading=\"lazy\" srcset=\"https:\/\/tfipharma.com\/wp-content\/uploads\/2020\/11\/day-chuyen-vien-nen-01-1024x887.jpg 1024w, https:\/\/tfipharma.com\/wp-content\/uploads\/2020\/11\/day-chuyen-vien-nen-01-300x260.jpg 300w, https:\/\/tfipharma.com\/wp-content\/uploads\/2020\/11\/day-chuyen-vien-nen-01-768x665.jpg 768w, https:\/\/tfipharma.com\/wp-content\/uploads\/2020\/11\/day-chuyen-vien-nen-01-1536x1330.jpg 1536w, https:\/\/tfipharma.com\/wp-content\/uploads\/2020\/11\/day-chuyen-vien-nen-01-2048x1774.jpg 2048w, https:\/\/tfipharma.com\/wp-content\/uploads\/2020\/11\/day-chuyen-vien-nen-01-600x520.jpg 600w\" sizes=\"(max-width: 1020px) 100vw, 1020px\" \/>\t\t\t\t\t\t\n\t\t\t\t\t<\/div>\n\t\t\t\t\t\t\t\t\n<style>\n#image_1087379721 {\n  width: 100%;\n}\n<\/style>\n\t<\/div>\n\t\n\t\t<\/div>\n\t\t\t<\/div>\n\n\t\n\n\t<div id=\"col-1409951617\" class=\"col medium-8 small-12 large-8\"  >\n\t\t<div class=\"col-inner\"  >\n\t\t\t\n\t\t\t\n<p><span style=\"color: #153e7e;\"><b>D\u00e2y<\/b> <strong>chuy\u1ec1n<\/strong> <b>\u0111\u01b0\u1eddng<\/b> <b>u\u1ed1ng<\/b><b> &#8211;\u00a0 <\/b><b>vi\u00ean<\/b> <b>n\u00e9n<\/b><\/span><\/p>\n<p>D\u00e2y chuy\u1ec1n s\u1ea3n xu\u1ea5t thu\u1ed1c vi\u00ean n\u00e9n \u0111\u01b0\u1ee3c trang b\u1ecb m\u00e1y d\u1eadp vi\u00ean v\u00e0 m\u00e1y bao phim c\u1ee7a c\u00e1c th\u01b0\u01a1ng hi\u1ec7u n\u1ed5i ti\u1ebfng t\u1ea1i Anh \u0111\u1ec3 \u0111\u1ea3m b\u1ea3o c\u00e1c v\u1ea5n \u0111\u1ec1 t\u1ed1i quan tr\u1ecdng do GMP \u0111\u1ec1 ra v\u1ec1 s\u1ea3n l\u01b0\u1ee3ng, t\u00ednh linh ho\u1ea1t, n\u0103ng su\u1ea5t v\u00e0 \u0111\u1ed9 tin c\u1eady \u0111\u1ec1u \u0111\u1ea1t \u0111\u01b0\u1ee3c. N\u0103ng su\u1ea5t \u0111\u1ea1t \u0111\u1ebfn 216.000 vi\u00ean\/gi\u1edd.<\/p>\n\t\t<\/div>\n\t\t\t<\/div>\n\n\t\n<\/div>\n<div class=\"row\"  id=\"row-923214462\">\n\n\t<div id=\"col-623009182\" class=\"col medium-4 small-12 large-4\"  >\n\t\t<div class=\"col-inner\"  >\n\t\t\t\n\t\t\t\n\t<div class=\"img has-hover x md-x lg-x y md-y lg-y\" id=\"image_1647367863\">\n\t\t\t\t\t\t\t\t<div class=\"img-inner dark\" >\n\t\t\t<img width=\"1020\" height=\"884\" src=\"https:\/\/tfipharma.com\/wp-content\/uploads\/2020\/11\/day-chuyen-vien-nang-01-1024x887.jpg\" class=\"attachment-large size-large\" alt=\"\" loading=\"lazy\" srcset=\"https:\/\/tfipharma.com\/wp-content\/uploads\/2020\/11\/day-chuyen-vien-nang-01-1024x887.jpg 1024w, https:\/\/tfipharma.com\/wp-content\/uploads\/2020\/11\/day-chuyen-vien-nang-01-300x260.jpg 300w, https:\/\/tfipharma.com\/wp-content\/uploads\/2020\/11\/day-chuyen-vien-nang-01-768x665.jpg 768w, https:\/\/tfipharma.com\/wp-content\/uploads\/2020\/11\/day-chuyen-vien-nang-01-1536x1330.jpg 1536w, https:\/\/tfipharma.com\/wp-content\/uploads\/2020\/11\/day-chuyen-vien-nang-01-2048x1774.jpg 2048w, https:\/\/tfipharma.com\/wp-content\/uploads\/2020\/11\/day-chuyen-vien-nang-01-600x520.jpg 600w\" sizes=\"(max-width: 1020px) 100vw, 1020px\" \/>\t\t\t\t\t\t\n\t\t\t\t\t<\/div>\n\t\t\t\t\t\t\t\t\n<style>\n#image_1647367863 {\n  width: 100%;\n}\n<\/style>\n\t<\/div>\n\t\n\t\t<\/div>\n\t\t\t<\/div>\n\n\t\n\n\t<div id=\"col-144832719\" class=\"col medium-8 small-12 large-8\"  >\n\t\t<div class=\"col-inner\"  >\n\t\t\t\n\t\t\t\n<p><span style=\"color: #153e7e;\"><b>D\u00e2y<\/b> <strong>chuy\u1ec1n<\/strong> <b>\u0111\u01b0\u1eddng<\/b> <b>u\u1ed1ng<\/b><b> \u2013 <\/b><b>vi\u00ean<\/b> <b>nang<\/b><\/span><\/p>\n<p>D\u00e2y chuy\u1ec1n s\u1ea3n xu\u1ea5t thu\u1ed1c vi\u00ean nang \u0111\u01b0\u1ee3c trang b\u1ecb v\u1edbi c\u00e1c th\u01b0\u01a1ng hi\u1ec7u n\u1ed5i ti\u1ebfng c\u1ee7a nh\u00e0 s\u1ea3n xu\u1ea5t Bosch t\u1ea1i \u0110\u1ee9c \u0111\u1ec3 \u0111\u1ea3m b\u1ea3o c\u00e1c v\u1ea5n \u0111\u1ec1 quan tr\u1ecdng \u0111\u01b0\u1ee3c \u0111\u1eb7t ra b\u1edfi th\u1ef1c h\u00e0nh s\u1ea3n xu\u1ea5t m\u1ed9t c\u00e1c t\u1ef1 \u0111\u1ed9ng. \u0110\u00e1p \u1ee9ng \u0111\u01b0\u1ee3c c\u00e1c quy \u0111\u1ecbnh c\u1ee7a ti\u00eau chu\u1ea7n GMP v\u00e0 \u0111\u1ed9 ch\u00ednh x\u00e1c cao. N\u0103ng su\u1ea5t c\u00f3 th\u1ec3 \u0111\u1ea1t \u0111\u1ebfn 48.000 vi\u00ean\/ gi\u1edd.<\/p>\n\t\t<\/div>\n\t\t\t<\/div>\n\n\t\n<\/div>\n<div class=\"row\"  id=\"row-499872627\">\n\n\t<div id=\"col-1382377137\" class=\"col medium-4 small-12 large-4\"  >\n\t\t<div class=\"col-inner\"  >\n\t\t\t\n\t\t\t\n\t<div class=\"img has-hover x md-x lg-x y md-y lg-y\" id=\"image_1798101820\">\n\t\t\t\t\t\t\t\t<div class=\"img-inner dark\" >\n\t\t\t<img width=\"1020\" height=\"884\" src=\"https:\/\/tfipharma.com\/wp-content\/uploads\/2020\/11\/day-chuyen-goi-01-1024x887.jpg\" class=\"attachment-large size-large\" alt=\"\" loading=\"lazy\" srcset=\"https:\/\/tfipharma.com\/wp-content\/uploads\/2020\/11\/day-chuyen-goi-01-1024x887.jpg 1024w, https:\/\/tfipharma.com\/wp-content\/uploads\/2020\/11\/day-chuyen-goi-01-300x260.jpg 300w, https:\/\/tfipharma.com\/wp-content\/uploads\/2020\/11\/day-chuyen-goi-01-768x665.jpg 768w, https:\/\/tfipharma.com\/wp-content\/uploads\/2020\/11\/day-chuyen-goi-01-1536x1330.jpg 1536w, https:\/\/tfipharma.com\/wp-content\/uploads\/2020\/11\/day-chuyen-goi-01-2048x1774.jpg 2048w, https:\/\/tfipharma.com\/wp-content\/uploads\/2020\/11\/day-chuyen-goi-01-600x520.jpg 600w\" sizes=\"(max-width: 1020px) 100vw, 1020px\" \/>\t\t\t\t\t\t\n\t\t\t\t\t<\/div>\n\t\t\t\t\t\t\t\t\n<style>\n#image_1798101820 {\n  width: 100%;\n}\n<\/style>\n\t<\/div>\n\t\n\t\t<\/div>\n\t\t\t<\/div>\n\n\t\n\n\t<div id=\"col-834798963\" class=\"col medium-8 small-12 large-8\"  >\n\t\t<div class=\"col-inner\"  >\n\t\t\t\n\t\t\t\n<p><span style=\"color: #153e7e;\"><b>D\u00e2y<\/b> <strong>chuy\u1ec1n<\/strong> <b>\u0111\u01b0\u1eddng<\/b> <b>u\u1ed1ng<\/b><b> \u2013 <\/b><b>thu\u1ed1c<\/b> <b>g\u00f3i<\/b><\/span><\/p>\n<p>\u0110\u01b0\u1ee3c trang b\u1ecb d\u00e2y chuy\u1ec1n \u0111\u00f3ng g\u00f3i c\u1ee7a nh\u00e0 s\u1ea3n xu\u1ea5t trang thi\u1ebft b\u1ecb h\u00e0ng \u0111\u1ea7u\u00a0 T\u00e2y Ban Nha, n\u0103ng su\u1ea5t c\u00f3 th\u1ec3 \u0111\u1ea1t \u0111\u1ebfn 19.200 g\u00f3i\/gi\u1edd.<\/p>\n\t\t<\/div>\n\t\t\t<\/div>\n\n\t\n<\/div>\n\t\t<\/div>\n\n\t\t\n<style>\n#section_2042555630 {\n  padding-top: 30px;\n  padding-bottom: 30px;\n  background-color: rgb(248, 250, 253);\n}\n<\/style>\n\t<\/section>\n\t\n\t<section class=\"section\" id=\"section_717731573\">\n\t\t<div class=\"bg section-bg fill bg-fill  \" >\n\n\t\t\t\n\t\t\t\n\t\t\t\n\n\t\t<\/div>\n\n\t\t<div class=\"section-content relative\">\n\t\t\t\n<div class=\"row\"  id=\"row-859639380\">\n\n\t<div id=\"col-1223545824\" class=\"col small-12 large-12\"  >\n\t\t<div class=\"col-inner\"  >\n\t\t\t\n\t\t\t\n<p><span style=\"font-size: 150%; color: #153e7e;\"><strong>NGUY\u00caN LI\u1ec6U<\/strong><\/span><\/p>\n<p>\u0110\u1ea1t ti\u00eau chu\u1ea9n d\u01b0\u1ee3c \u0111i\u1ec3n c\u1ee7a c\u00e1c n\u01b0\u1edbc ti\u00ean ti\u1ebfn nh\u01b0 USP, BP, EP,\u2026<\/p>\n<p>Ki\u1ec3m so\u00e1t ch\u1eb7t ch\u1ebd t\u1eeb kh\u00e2u \u0111\u00e1nh gi\u00e1 nh\u00e0 cung c\u1ea5p, b\u1ea3o qu\u1ea3n \u0111\u1ebfn s\u1ea3n xu\u1ea5t.<\/p>\n\t\t<\/div>\n\t\t\t<\/div>\n\n\t\n<\/div>\n<div class=\"row\"  id=\"row-423809400\">\n\n\t<div id=\"col-111095931\" class=\"col small-12 large-12\"  >\n\t\t<div class=\"col-inner\"  >\n\t\t\t\n\t\t\t\n<p><span style=\"font-size: 150%; color: #153e7e;\"><strong>QU\u1ea2N L\u00dd CH\u1ea4T L\u01af\u1ee2NG<\/strong><\/span><\/p>\n<p>C\u00e1c trang thi\u1ebft b\u1ecb trong qu\u1ea3n l\u00fd ch\u1ea5t l\u01b0\u1ee3ng \u0111\u01b0\u1ee3c \u0111\u00e1ng gi\u00e1 IQ, OQ, PQ<\/p>\n<p>Thu\u1ed1c th\u1eed v\u00e0 ch\u1ea5t chu\u1ea9n trong hi\u1ec7u chu\u1ea9n tu\u00e2n theo quy \u0111\u1ecbnh qu\u1ea3n l\u00fd GLP<\/p>\n<p>Ti\u00eau chu\u1ea9n v\u00e0 ph\u01b0\u01a1ng ph\u00e1p ph\u00e2n t\u00edch tu\u00e2n th\u1ee7 theo d\u01b0\u1ee3c \u0111i\u1ec3n Vi\u1ec7t Nam v\u00e0 c\u00e1c n\u01b0\u1edbc ti\u1ebfn b\u1ed9.<\/p>\n\t\t<\/div>\n\t\t\t<\/div>\n\n\t\n<\/div>\n<div class=\"row\"  id=\"row-1312309020\">\n\n\t<div id=\"col-2134748494\" class=\"col small-12 large-12\"  >\n\t\t<div class=\"col-inner\"  >\n\t\t\t\n\t\t\t\n<div class=\"row\"  id=\"row-1590488976\">\n\n\t<div id=\"col-1570068602\" class=\"col medium-6 small-12 large-6\"  >\n\t\t<div class=\"col-inner\"  >\n\t\t\t\n\t\t\t\n<p><span style=\"font-size: 150%; color: #153e7e;\"><strong>H\u1ec6 TH\u1ed0NG KHO DI\u1ec6N T\u00cdCH L\u1edaN V\u1edaI NHI\u1ec0U TRANG THI\u1ebeT B\u1eca HI\u1ec6N \u0110\u1ea0I<\/strong><\/span><\/p>\n<p>Di\u1ec7n t\u00edch 687.940m2, \u0111\u1ea1t ti\u00eau chu\u1ea9n GSP \u0111\u1ea3m b\u1ea3o s\u1ef1 \u1ed5n \u0111\u1ecbnh trong l\u01b0u tr\u1eef.<\/p>\n<p>Kh\u00f4ng gian t\u00e1ch bi\u1ec7t t\u1eeb nguy\u00ean li\u1ec7u, bao b\u00ec v\u00e0 th\u00e0nh ph\u1ea9m \u0111\u01b0\u1ee3c ki\u1ec3m so\u00e1t nhi\u1ec7t \u0111\u1ed9 v\u00e0 \u0111\u1ed9 \u1ea9m nghi\u00eam ng\u1eb7t.<\/p>\n<p>\u0110\u00e1p \u1ee9ng \u0111\u1ea7y \u0111\u1ee7 ti\u00eau chu\u1ea9n v\u1ec1 \u0111\u01b0\u1eddng \u0111i l\u1ea1i, tho\u00e1t hi\u1ec3m, trang thi\u1ebft b\u1ecb ph\u00f2ng ch\u00e1y, ch\u1eefa ch\u00e1y.<\/p>\n<p>M\u1eb7c kh\u00e1c, nh\u00e0 m\u00e1y c\u0169ng trang b\u1ecb c\u00e1c thi\u1ebft b\u1ecb hi\u1ec7n \u0111\u1ea1i ph\u1ee5c v\u1ee5 cho vi\u1ec7c c\u1ea5p ph\u00e1t v\u00e0 b\u1ea3o qu\u1ea3n nh\u01b0 xe n\u00e2ng tay, xe \u0111\u1ea9y, xe \u0111i\u1ec7n s\u1eafp x\u1ebfp h\u00e0ng h\u00f3a, c\u00e2n \u0111i\u1ec7n t\u1eed ti\u1ebfp nh\u1eadn h\u00e0ng h\u00f3a, \u2026<\/p>\n\t\t<\/div>\n\t\t\t<\/div>\n\n\t\n\n\t<div id=\"col-1090987601\" class=\"col medium-6 small-12 large-6\"  >\n\t\t<div class=\"col-inner\"  >\n\t\t\t\n\t\t\t\n\t<div class=\"img has-hover x md-x lg-x y md-y lg-y\" id=\"image_1524336615\">\n\t\t\t\t\t\t\t\t<div class=\"img-inner dark\" >\n\t\t\t<img width=\"218\" height=\"300\" src=\"https:\/\/tfipharma.com\/wp-content\/uploads\/2020\/11\/xe-nang-218x300.jpg\" class=\"attachment-medium size-medium\" alt=\"\" loading=\"lazy\" srcset=\"https:\/\/tfipharma.com\/wp-content\/uploads\/2020\/11\/xe-nang-218x300.jpg 218w, https:\/\/tfipharma.com\/wp-content\/uploads\/2020\/11\/xe-nang-745x1024.jpg 745w, https:\/\/tfipharma.com\/wp-content\/uploads\/2020\/11\/xe-nang-768x1056.jpg 768w, https:\/\/tfipharma.com\/wp-content\/uploads\/2020\/11\/xe-nang-1117x1536.jpg 1117w, https:\/\/tfipharma.com\/wp-content\/uploads\/2020\/11\/xe-nang-1489x2048.jpg 1489w, https:\/\/tfipharma.com\/wp-content\/uploads\/2020\/11\/xe-nang-600x825.jpg 600w, https:\/\/tfipharma.com\/wp-content\/uploads\/2020\/11\/xe-nang-scaled.jpg 1862w\" sizes=\"(max-width: 218px) 100vw, 218px\" \/>\t\t\t\t\t\t\n\t\t\t\t\t<\/div>\n\t\t\t\t\t\t\t\t\n<style>\n#image_1524336615 {\n  width: 100%;\n}\n<\/style>\n\t<\/div>\n\t\n\t\t<\/div>\n\t\t\t<\/div>\n\n\t\n<\/div>\n\t\t<\/div>\n\t\t\t<\/div>\n\n\t\n<\/div>\n\t\t<\/div>\n\n\t\t\n<style>\n#section_717731573 {\n  padding-top: 30px;\n  padding-bottom: 30px;\n}\n#section_717731573 .section-bg.bg-loaded {\n  background-image: url(https:\/\/tfipharma.com\/wp-content\/uploads\/2020\/11\/nen-kho-scaled.jpg);\n}\n<\/style>\n\t<\/section>\n\t\n<div class=\"row\"  id=\"row-1157596116\">\n\n\t<div id=\"col-899737633\" class=\"col small-12 large-12\"  >\n\t\t<div class=\"col-inner\"  >\n\t\t\t\n\t\t\t\n<p><span style=\"font-size: 150%; color: #153e7e;\"><strong>CON NG\u01af\u1edcI<\/strong><\/span><\/p>\n<p>Lu\u00f4n c\u00f3 ch\u01b0\u01a1ng tr\u00ecnh \u0111\u00e0o t\u1ea1o v\u00e0 t\u1eadp hu\u1ea5n nh\u00e2n vi\u00ean v\u1ec1 GMP, GLP, GSP nh\u1eb1m \u0111\u1ea3m b\u1ea3o t\u00ednh \u0111\u1ed3ng nh\u1ea5t gi\u1eefa c\u00e1c l\u1ea7n s\u1ea3n xu\u1ea5t.<\/p>\n<p>C\u00f4ng t\u00e1c thanh tra v\u00e0 t\u1ef1 thanh tra v\u1edbi c\u00e1c th\u00e0nh vi\u00ean t\u1eeb t\u1eadp \u0111o\u00e0n c\u00f3 \u0111\u1ee7 n\u0103ng l\u1ef1c v\u00e0 tr\u00ecnh \u0111\u1ed9 l\u00e0m vi\u1ec7c \u0111\u1ecbnh k\u1ef3 theo th\u00e1ng, qu\u00fd, n\u0103m v\u00e0 \u0111\u1ed9t xu\u1ea5t theo danh m\u1ee5c thanh tra v\u00e0 \u0111\u00e1nh gi\u00e1 c\u1ee7a GMP.<\/p>\n<p>Kh\u1eafc ph\u1ee5c nhanh, s\u1eeda ch\u1eefa k\u1ecbp th\u1eddi \u0111\u1ec3 lu\u00f4n \u0111\u1ea3m b\u1ea3o ch\u1ea5t l\u01b0\u1ee3ng s\u1ea3n ph\u1ea9m trong qu\u00e1 tr\u00ecnh s\u1ea3n xu\u1ea5t.<\/p>\n\t\t<\/div>\n\t\t\t<\/div>\n\n\t\n<\/div>\n","protected":false},"excerpt":{"rendered":"","protected":false},"author":1,"featured_media":0,"parent":0,"menu_order":0,"comment_status":"closed","ping_status":"closed","template":"page-blank.php","meta":[],"_links":{"self":[{"href":"https:\/\/tfipharma.com\/vi\/wp-json\/wp\/v2\/pages\/240"}],"collection":[{"href":"https:\/\/tfipharma.com\/vi\/wp-json\/wp\/v2\/pages"}],"about":[{"href":"https:\/\/tfipharma.com\/vi\/wp-json\/wp\/v2\/types\/page"}],"author":[{"embeddable":true,"href":"https:\/\/tfipharma.com\/vi\/wp-json\/wp\/v2\/users\/1"}],"replies":[{"embeddable":true,"href":"https:\/\/tfipharma.com\/vi\/wp-json\/wp\/v2\/comments?post=240"}],"version-history":[{"count":46,"href":"https:\/\/tfipharma.com\/vi\/wp-json\/wp\/v2\/pages\/240\/revisions"}],"predecessor-version":[{"id":1902,"href":"https:\/\/tfipharma.com\/vi\/wp-json\/wp\/v2\/pages\/240\/revisions\/1902"}],"wp:attachment":[{"href":"https:\/\/tfipharma.com\/vi\/wp-json\/wp\/v2\/media?parent=240"}],"curies":[{"name":"wp","href":"https:\/\/api.w.org\/{rel}","templated":true}]}}