{"id":1142,"date":"2020-09-18T08:18:39","date_gmt":"2020-09-18T08:18:39","guid":{"rendered":"https:\/\/tfipharma.com\/?page_id=1142"},"modified":"2020-11-18T03:45:11","modified_gmt":"2020-11-18T03:45:11","slug":"tong-quan-tieng-anh","status":"publish","type":"page","link":"https:\/\/tfipharma.com\/vi\/tong-quan-tieng-anh\/","title":{"rendered":"tong quan tieng anh"},"content":{"rendered":"<div class=\"slider-wrapper relative\" id=\"slider-241304147\" >\n    <div class=\"slider slider-nav-circle slider-nav-large slider-nav-light slider-style-normal\"\n        data-flickity-options='{\n            \"cellAlign\": \"center\",\n            \"imagesLoaded\": true,\n            \"lazyLoad\": 1,\n            \"freeScroll\": false,\n            \"wrapAround\": true,\n            \"autoPlay\": 6000,\n            \"pauseAutoPlayOnHover\" : true,\n            \"prevNextButtons\": true,\n            \"contain\" : true,\n            \"adaptiveHeight\" : true,\n            \"dragThreshold\" : 10,\n            \"percentPosition\": true,\n            \"pageDots\": true,\n            \"rightToLeft\": false,\n            \"draggable\": true,\n            \"selectedAttraction\": 0.1,\n            \"parallax\" : 0,\n            \"friction\": 0.6        }'\n        >\n        \n\n  <div class=\"banner has-hover\" id=\"banner-1519863942\">\n          <div class=\"banner-inner fill\">\n        <div class=\"banner-bg fill\" >\n            <div class=\"bg fill bg-fill \"><\/div>\n                        <div class=\"overlay\"><\/div>            \n                    <\/div>\n        <div class=\"banner-layers container\">\n            <div class=\"fill banner-link\"><\/div>            \n        <\/div>\n      <\/div>\n\n            \n<style>\n#banner-1519863942 {\n  padding-top: 290px;\n  background-color: rgb(255, 255, 255);\n}\n#banner-1519863942 .bg.bg-loaded {\n  background-image: url(https:\/\/tfipharma.com\/wp-content\/uploads\/2020\/10\/banner-gioi-thieu.jpg);\n}\n#banner-1519863942 .overlay {\n  background-color: rgba(190, 190, 190, 0.2);\n}\n#banner-1519863942 .bg {\n  background-position: 50% 60%;\n}\n<\/style>\n  <\/div>\n\n\n     <\/div>\n\n     <div class=\"loading-spin dark large centered\"><\/div>\n\n     <\/div>\n\n\n\t<section class=\"section\" id=\"section_1040536759\">\n\t\t<div class=\"bg section-bg fill bg-fill  bg-loaded\" >\n\n\t\t\t\n\t\t\t\n\t\t\t\n\n\t\t<\/div>\n\n\t\t<div class=\"section-content relative\">\n\t\t\t\n<div class=\"row\"  id=\"row-842885282\">\n\n\t<div id=\"col-1716180380\" class=\"col small-12 large-12\"  >\n\t\t<div class=\"col-inner\"  >\n\t\t\t\n\t\t\t\n<p>T\u1ed5ng quan:<\/p>\n<p>C\u00f4ng ty Trust Farma \u0111\u01b0\u1ee3c th\u00e0nh l\u1eadp n\u0103m 2007, m\u1ee5c \u0111\u00edch c\u1ee7a ch\u00fang t\u00f4i l\u00e0 x\u00e2y d\u1ef1ng m\u1ed9t nh\u00e0 m\u00e1y s\u1ea3n xu\u1ea5t thu\u1ed1c nh\u00f3m Cephalosporin ti\u00ean ti\u1ebfn v\u00e0 \u0111\u1ea1t chu\u1ea9n GMP hi\u1ec7n h\u00e0nh. Nh\u00e0 m\u00e1y g\u1ed3m 2 khu v\u1ef1c s\u1ea3n xu\u1ea5t thu\u1ed1c vi\u00ean v\u00e0 thu\u1ed1c ti\u00eam v\u00f4 tr\u00f9ng.<\/p>\n<p>Trong khi c\u1ea1nh tranh gi\u1ea3m gi\u00e1 th\u00e0nh d\u01b0\u1ee3c ph\u1ea9m, c\u00e1c nh\u00e0 s\u1ea3n xu\u1ea5t ch\u1ec9 t\u1eadp trung xo\u00e1y v\u00e0o gi\u00e1 th\u1ea5p so v\u1edbi c\u00e1c th\u01b0\u01a1ng hi\u1ec7u l\u1edbn \u0111\u01b0\u1ee3c nh\u1eadp kh\u1ea9u, h\u1ecd t\u1ef1 gi\u1edbi h\u1ea1n s\u1ef1 h\u1ea5p d\u1eabn c\u1ee7a m\u00ecnh \u0111\u1ed1i v\u1edbi nh\u00f3m ti\u00eau d\u00f9ng \u00fd th\u1ee9c v\u1ec1 gi\u00e1 tr\u1ecb s\u1ea3n ph\u1ea9m. Trust Farma Qu\u1ed1c t\u1ebf cam k\u1ebft b\u1ea3n th\u00e2n s\u1ebd s\u1ea3n xu\u1ea5t nh\u1eefng d\u01b0\u1ee3c ph\u1ea9m c\u00f3 ch\u1ea5t l\u01b0\u1ee3ng cao v\u00e0 xem vi\u1ec7c n\u00e0y l\u00e0 m\u1ed9t \u0111\u00f3ng g\u00f3p mang \u00fd ngh\u0129a \u0111\u1ea1o \u0111\u1ee9c cho x\u00e3 h\u1ed9i. Trust Farma Qu\u1ed1c t\u1ebf s\u1ebd c\u1ed1 g\u1eafng t\u1ea1o ra m\u1ed9t b\u1ea3n s\u1eafc th\u01b0\u01a1ng hi\u1ec7u g\u1eafn li\u1ec1n ch\u1ea5t l\u01b0\u1ee3ng v\u1edbi gi\u00e1 tr\u1ecb<\/p>\n<p>L\u1ecbch s\u1eed:<\/p>\n<p><a href=\"https:\/\/tfipharma.com\/wp-content\/uploads\/2020\/11\/Timeline-01-scaled.jpg\"><img loading=\"lazy\" class=\"aligncenter size-full wp-image-1015\" src=\"https:\/\/tfipharma.com\/wp-content\/uploads\/2020\/11\/Timeline-01-scaled.jpg\" alt=\"\" width=\"2103\" height=\"2560\" srcset=\"https:\/\/tfipharma.com\/wp-content\/uploads\/2020\/11\/Timeline-01-scaled.jpg 2103w, https:\/\/tfipharma.com\/wp-content\/uploads\/2020\/11\/Timeline-01-246x300.jpg 246w, https:\/\/tfipharma.com\/wp-content\/uploads\/2020\/11\/Timeline-01-841x1024.jpg 841w, https:\/\/tfipharma.com\/wp-content\/uploads\/2020\/11\/Timeline-01-768x935.jpg 768w, https:\/\/tfipharma.com\/wp-content\/uploads\/2020\/11\/Timeline-01-1262x1536.jpg 1262w, https:\/\/tfipharma.com\/wp-content\/uploads\/2020\/11\/Timeline-01-1683x2048.jpg 1683w, https:\/\/tfipharma.com\/wp-content\/uploads\/2020\/11\/Timeline-01-600x730.jpg 600w\" sizes=\"(max-width: 2103px) 100vw, 2103px\" \/><\/a><\/p>\n\t\t<\/div>\n\t\t\t<\/div>\n\n\t\n<\/div>\n\t\t<\/div>\n\n\t\t\n<style>\n#section_1040536759 {\n  padding-top: 30px;\n  padding-bottom: 30px;\n  background-color: rgb(248, 250, 253);\n}\n<\/style>\n\t<\/section>\n\t\n","protected":false},"excerpt":{"rendered":"","protected":false},"author":1,"featured_media":226,"parent":0,"menu_order":0,"comment_status":"closed","ping_status":"closed","template":"","meta":[],"_links":{"self":[{"href":"https:\/\/tfipharma.com\/vi\/wp-json\/wp\/v2\/pages\/1142"}],"collection":[{"href":"https:\/\/tfipharma.com\/vi\/wp-json\/wp\/v2\/pages"}],"about":[{"href":"https:\/\/tfipharma.com\/vi\/wp-json\/wp\/v2\/types\/page"}],"author":[{"embeddable":true,"href":"https:\/\/tfipharma.com\/vi\/wp-json\/wp\/v2\/users\/1"}],"replies":[{"embeddable":true,"href":"https:\/\/tfipharma.com\/vi\/wp-json\/wp\/v2\/comments?post=1142"}],"version-history":[{"count":1,"href":"https:\/\/tfipharma.com\/vi\/wp-json\/wp\/v2\/pages\/1142\/revisions"}],"predecessor-version":[{"id":1144,"href":"https:\/\/tfipharma.com\/vi\/wp-json\/wp\/v2\/pages\/1142\/revisions\/1144"}],"wp:featuredmedia":[{"embeddable":true,"href":"https:\/\/tfipharma.com\/vi\/wp-json\/wp\/v2\/media\/226"}],"wp:attachment":[{"href":"https:\/\/tfipharma.com\/vi\/wp-json\/wp\/v2\/media?parent=1142"}],"curies":[{"name":"wp","href":"https:\/\/api.w.org\/{rel}","templated":true}]}}